{"id":24,"date":"2026-01-28T21:46:55","date_gmt":"2026-01-28T21:46:55","guid":{"rendered":"https:\/\/meiramal.is\/?page_id=24"},"modified":"2026-02-23T10:18:21","modified_gmt":"2026-02-23T10:18:21","slug":"heim","status":"publish","type":"page","link":"https:\/\/meiramal.is\/","title":{"rendered":"Heim"},"content":{"rendered":"<p>[et_pb_section fb_built=&#8221;1&#8243; custom_padding_last_edited=&#8221;on|desktop&#8221; admin_label=&#8221;Header&#8221; _builder_version=&#8221;4.27.5&#8243; background_image=&#8221;https:\/\/meiramal.is\/wp-content\/uploads\/2026\/02\/akrafjall.jpg&#8221; parallax=&#8221;on&#8221; custom_margin=&#8221;40px|40px||40px|false|true&#8221; custom_margin_tablet=&#8221;&#8221; custom_margin_phone=&#8221;20px|20px||20px|false|true&#8221; custom_margin_last_edited=&#8221;on|desktop&#8221; custom_padding=&#8221;100px|0px|0px|||&#8221; custom_padding_tablet=&#8221;40px||||false|false&#8221; custom_padding_phone=&#8221;&#8221; border_radii_phone=&#8221;on|20px|20px|20px|20px&#8221; border_radii_last_edited=&#8221;off|desktop&#8221; global_colors_info=&#8221;{}&#8221;][et_pb_row column_structure=&#8221;1_2,1_2&#8243; custom_padding_last_edited=&#8221;on|tablet&#8221; _builder_version=&#8221;4.27.5&#8243; background_enable_color=&#8221;off&#8221; background_image=&#8221;https:\/\/meiramal.is\/wp-content\/uploads\/2026\/01\/psychologist-03.jpg&#8221; parallax=&#8221;on&#8221; transform_scale_tablet=&#8221;&#8221; transform_scale_phone=&#8221;&#8221; transform_scale_last_edited=&#8221;on|desktop&#8221; transform_translate=&#8221;30px|0px&#8221; transform_translate_tablet=&#8221;0px|0px&#8221; transform_translate_phone=&#8221;&#8221; transform_translate_last_edited=&#8221;on|tablet&#8221; transform_translate_linked=&#8221;off&#8221; transform_rotate_tablet=&#8221;&#8221; transform_rotate_phone=&#8221;&#8221; transform_rotate_last_edited=&#8221;on|desktop&#8221; transform_skew_tablet=&#8221;&#8221; transform_skew_phone=&#8221;&#8221; transform_skew_last_edited=&#8221;on|desktop&#8221; transform_origin_tablet=&#8221;&#8221; transform_origin_phone=&#8221;&#8221; transform_origin_last_edited=&#8221;on|desktop&#8221; transform_styles_last_edited=&#8221;on|tablet&#8221; width_tablet=&#8221;90%&#8221; width_phone=&#8221;&#8221; width_last_edited=&#8221;on|desktop&#8221; max_width=&#8221;1200px&#8221; custom_padding=&#8221;98px|60px|98px|60px|true|true&#8221; custom_padding_tablet=&#8221;60px||60px||true|true&#8221; custom_padding_phone=&#8221;40px|20px|40px|20px|true|true&#8221; transform_styles_tablet=&#8221;&#8221; transform_styles_phone=&#8221;&#8221; border_radii_phone=&#8221;off|8px|8px||&#8221; border_radii_last_edited=&#8221;off|desktop&#8221; box_shadow_style=&#8221;preset3&#8243; box_shadow_vertical=&#8221;40px&#8221; box_shadow_blur=&#8221;110px&#8221; box_shadow_spread=&#8221;0px&#8221; box_shadow_color=&#8221;rgba(9,6,38,0.62)&#8221; global_colors_info=&#8221;{}&#8221;][et_pb_column type=&#8221;1_2&#8243; _builder_version=&#8221;4.16&#8243; global_colors_info=&#8221;{}&#8221;][et_pb_text _builder_version=&#8221;4.27.5&#8243; text_font_size=&#8221;17px&#8221; text_line_height=&#8221;1.8em&#8221; header_font=&#8221;Taviraj||||||||&#8221; header_font_size=&#8221;60px&#8221; header_line_height=&#8221;1.2em&#8221; max_width=&#8221;600px&#8221; max_width_last_edited=&#8221;off|desktop&#8221; text_font_size_tablet=&#8221;&#8221; text_font_size_phone=&#8221;15px&#8221; text_font_size_last_edited=&#8221;on|desktop&#8221; header_font_size_tablet=&#8221;40px&#8221; header_font_size_phone=&#8221;30px&#8221; header_font_size_last_edited=&#8221;on|desktop&#8221; global_colors_info=&#8221;{}&#8221;]<\/p>\n<h1>Meira m\u00e1l<\/h1>\n<p>Hj\u00e1 Meira m\u00e1li starfa talmeinafr\u00e6\u00f0ingar sem s\u00e9rh\u00e6fa sig \u00ed tal- og m\u00e1lmeinum barna. H\u00e9r fyrir ne\u00f0an m\u00e1 skr\u00e1 barn \u00e1 bi\u00f0lista. \u00deegar \u00fe\u00fa s\u00e6kir um fyrir barn sam\u00feykkir \u00fe\u00fa um lei\u00f0 skilm\u00e1la stofunnar. Talmeinafr\u00e6\u00f0ingur mun hafa samband \u00feegar kemur a\u00f0 \u00fe\u00ednu barni, en hafi\u00f0 \u00ed huga a\u00f0 einhver bi\u00f0 getur veri\u00f0 \u00fear sem n\u00fa \u00feegar eru komin m\u00f6rg b\u00f6rn \u00e1 bi\u00f0lista.<\/p>\n<p>[\/et_pb_text][et_pb_button button_url=&#8221;https:\/\/docs.google.com\/forms\/d\/e\/1FAIpQLSekph2ku1HLd-xK3hU2mhfrqVmtYEwJG0-8iIziUarr4_q8LA\/viewform?usp=header&#8221; button_text=&#8221;Skr\u00e1 barn \u00e1 bi\u00f0lista&#8221; button_alignment=&#8221;left&#8221; button_alignment_tablet=&#8221;left&#8221; button_alignment_last_edited=&#8221;off|tablet&#8221; _builder_version=&#8221;4.27.5&#8243; custom_button=&#8221;on&#8221; button_text_size=&#8221;16px&#8221; button_text_color=&#8221;#000000&#8243; button_bg_color=&#8221;#ef4078&#8243; button_border_width=&#8221;0px&#8221; button_border_color=&#8221;rgba(0,0,0,0)&#8221; button_border_radius=&#8221;0px&#8221; button_font=&#8221;Hind|600|||||||&#8221; custom_margin_tablet=&#8221;|||50px|false|false&#8221; custom_margin_last_edited=&#8221;off|tablet&#8221; custom_padding=&#8221;13px||10px||false|true&#8221; box_shadow_style=&#8221;preset3&#8243; box_shadow_vertical=&#8221;10px&#8221; box_shadow_blur=&#8221;40px&#8221; box_shadow_spread=&#8221;-12px&#8221; box_shadow_color=&#8221;rgba(234,85,237,0.67)&#8221; global_colors_info=&#8221;{}&#8221; button_bg_color__hover_enabled=&#8221;off&#8221;][\/et_pb_button][\/et_pb_column][et_pb_column type=&#8221;1_2&#8243; _builder_version=&#8221;4.16&#8243; global_colors_info=&#8221;{}&#8221;][et_pb_image src=&#8221;https:\/\/meiramal.is\/wp-content\/uploads\/2026\/02\/Utidyr-merktarcopy.jpg&#8221; title_text=&#8221;\u00datidyr merktarcopy&#8221; _builder_version=&#8221;4.27.5&#8243; _module_preset=&#8221;default&#8221; width=&#8221;75.7%&#8221; custom_padding=&#8221;|||46px||&#8221; global_colors_info=&#8221;{}&#8221;][\/et_pb_image][\/et_pb_column][\/et_pb_row][\/et_pb_section][et_pb_section fb_built=&#8221;1&#8243; admin_label=&#8221;About&#8221; _builder_version=&#8221;4.27.5&#8243; use_background_color_gradient=&#8221;on&#8221; background_color_gradient_direction=&#8221;160deg&#8221; background_color_gradient_stops=&#8221;rgba(255,255,255,0) 0%|#ffffff 100%&#8221; background_color_gradient_start=&#8221;rgba(255,255,255,0)&#8221; background_color_gradient_end=&#8221;#ffffff&#8221; background_image=&#8221;https:\/\/meiramal.is\/wp-content\/uploads\/2026\/01\/psychologist-09.jpg&#8221; parallax=&#8221;on&#8221; overflow-x=&#8221;visible&#8221; overflow-y=&#8221;visible&#8221; custom_margin=&#8221;|40px|40px|40px|false|true&#8221; custom_margin_tablet=&#8221;&#8221; custom_margin_phone=&#8221;|20px||20px|false|true&#8221; custom_margin_last_edited=&#8221;on|desktop&#8221; custom_padding=&#8221;0px||0px||true|false&#8221; box_shadow_style=&#8221;preset3&#8243; box_shadow_vertical=&#8221;100px&#8221; box_shadow_blur=&#8221;200px&#8221; box_shadow_spread=&#8221;-50px&#8221; box_shadow_color=&#8221;rgba(131,146,167,0.32)&#8221; global_colors_info=&#8221;{}&#8221;][et_pb_row column_structure=&#8221;2_5,3_5&#8243; _builder_version=&#8221;4.27.5&#8243; _module_preset=&#8221;default&#8221; global_colors_info=&#8221;{}&#8221;][et_pb_column type=&#8221;2_5&#8243; _builder_version=&#8221;4.27.5&#8243; _module_preset=&#8221;default&#8221; global_colors_info=&#8221;{}&#8221;][et_pb_image src=&#8221;https:\/\/meiramal.is\/wp-content\/uploads\/2026\/01\/Sara.jpg&#8221; title_text=&#8221;Sara&#8221; _builder_version=&#8221;4.27.5&#8243; _module_preset=&#8221;default&#8221; width=&#8221;45%&#8221; global_colors_info=&#8221;{}&#8221;][\/et_pb_image][\/et_pb_column][et_pb_column type=&#8221;3_5&#8243; _builder_version=&#8221;4.27.5&#8243; _module_preset=&#8221;default&#8221; global_colors_info=&#8221;{}&#8221;][et_pb_text _builder_version=&#8221;4.27.5&#8243; _module_preset=&#8221;default&#8221; global_colors_info=&#8221;{}&#8221;]<\/p>\n<h2><strong>Sara Bjargard\u00f3ttir<\/strong><\/h2>\n<p><strong>Stofnandi og eigandi Meira m\u00e1ls<\/strong><\/p>\n<p><strong>Talmeinafr\u00e6\u00f0ingur &#8211; starfar \u00e1 samningi vi\u00f0 S\u00cd<\/strong><\/p>\n<p><strong><span>Menntun<\/span><\/strong><\/p>\n<p><span>M.S. \u00ed talmeinafr\u00e6\u00f0i fr\u00e1 H\u00e1sk\u00f3la \u00cdslands 2016.<\/span><\/p>\n<p><span>B.A. \u00ed \u00edslensku fr\u00e1 H\u00e1sk\u00f3la \u00cdslands 2012.<\/span><\/p>\n<p><span>B.A. \u00ed d\u00f6nsku fr\u00e1 H\u00e1sk\u00f3la \u00cdslands 2012.<\/span><\/p>\n<p><strong><span>Starf og reynsla<\/span><\/strong><\/p>\n<p><span>Sara starfa\u00f0i sem talmeinafr\u00e6\u00f0ingur hj\u00e1 Reykjav\u00edkurborg 2016-2018.<\/span><\/p>\n<p><span>Eftir \u00fea\u00f0 hefur h\u00fan starfa\u00f0 sem talmeinafr\u00e6\u00f0ingur hj\u00e1 Gar\u00f0ab\u00e6 s\u00ed\u00f0an 2018 og \u00fear til h\u00fan opna\u00f0i Meira m\u00e1l \u00e1ri\u00f0 2026.<\/span><\/p>\n<p><span>Hefur veri\u00f0 me\u00f0 fr\u00e6\u00f0slu fyrir fj\u00f6lda foreldra og kennara leiksk\u00f3labarna um m\u00e1lt\u00f6ku barna og helstu fr\u00e1vik \u00ed tali og m\u00e1li barna.<\/span><\/p>\n<p><strong><span>Fj\u00f6lskylda<\/span><\/strong><\/p>\n<p><span>Sara er f\u00e6dd \u00ed Kaupmannah\u00f6fn \u00e1ri\u00f0 1980 en \u00f3lst a\u00f0 mestu upp \u00ed Reykjav\u00edk, fyrir utan nokkur \u00e1r \u00ed Kaupmannah\u00f6fn. Sara er \u00fev\u00ed tv\u00edtyngd \u00e1 \u00edslensku og d\u00f6nsku. Sara kynntist manni s\u00ednum \u00e1ri\u00f0 2000 og \u00e1 me\u00f0 honum tv\u00f6 b\u00f6rn f\u00e6dd 2004 og 2008.<\/span><\/p>\n<p>[\/et_pb_text][\/et_pb_column][\/et_pb_row][\/et_pb_section][et_pb_section fb_built=&#8221;1&#8243; admin_label=&#8221;About&#8221; _builder_version=&#8221;4.27.5&#8243; use_background_color_gradient=&#8221;on&#8221; background_color_gradient_direction=&#8221;160deg&#8221; background_color_gradient_stops=&#8221;rgba(255,255,255,0) 0%|#ffffff 100%&#8221; background_color_gradient_start=&#8221;rgba(255,255,255,0)&#8221; background_color_gradient_end=&#8221;#ffffff&#8221; background_image=&#8221;https:\/\/meiramal.is\/wp-content\/uploads\/2026\/01\/psychologist-09.jpg&#8221; parallax=&#8221;on&#8221; overflow-x=&#8221;visible&#8221; overflow-y=&#8221;visible&#8221; custom_margin=&#8221;|40px|40px|40px|false|true&#8221; custom_margin_tablet=&#8221;&#8221; custom_margin_phone=&#8221;|20px||20px|false|true&#8221; custom_margin_last_edited=&#8221;on|desktop&#8221; custom_padding=&#8221;0px||0px||true|false&#8221; box_shadow_style=&#8221;preset3&#8243; box_shadow_vertical=&#8221;100px&#8221; box_shadow_blur=&#8221;200px&#8221; box_shadow_spread=&#8221;-50px&#8221; box_shadow_color=&#8221;rgba(131,146,167,0.32)&#8221; global_colors_info=&#8221;{}&#8221;][et_pb_row column_structure=&#8221;2_5,3_5&#8243; _builder_version=&#8221;4.27.5&#8243; _module_preset=&#8221;default&#8221; global_colors_info=&#8221;{}&#8221;][et_pb_column type=&#8221;2_5&#8243; _builder_version=&#8221;4.27.5&#8243; _module_preset=&#8221;default&#8221; global_colors_info=&#8221;{}&#8221;][et_pb_image src=&#8221;https:\/\/meiramal.is\/wp-content\/uploads\/2026\/02\/Erna.jpg&#8221; title_text=&#8221;Erna&#8221; _builder_version=&#8221;4.27.5&#8243; _module_preset=&#8221;default&#8221; width=&#8221;45%&#8221; global_colors_info=&#8221;{}&#8221;][\/et_pb_image][\/et_pb_column][et_pb_column type=&#8221;3_5&#8243; _builder_version=&#8221;4.27.5&#8243; _module_preset=&#8221;default&#8221; global_colors_info=&#8221;{}&#8221;][et_pb_text _builder_version=&#8221;4.27.5&#8243; _module_preset=&#8221;default&#8221; hover_enabled=&#8221;0&#8243; global_colors_info=&#8221;{}&#8221; sticky_enabled=&#8221;0&#8243;]<\/p>\n<h2><strong>Erna \u00der\u00e1insd\u00f3ttir<\/strong><\/h2>\n<p><strong>Talmeinafr\u00e6\u00f0ingur &#8211; starfar utan samning vi\u00f0 S\u00cd<\/strong><\/p>\n<p><strong><span>Menntun<\/span><\/strong><\/p>\n<p><span>M.S. \u00ed talmeinafr\u00e6\u00f0i fr\u00e1 H\u00e1sk\u00f3la \u00cdslands 2020.<\/span><\/p>\n<p><span>B.Ed. leiksk\u00f3lakennari fr\u00e1 Kennarah\u00e1sk\u00f3la \u00cdslands 2008.<\/span><\/p>\n<p><strong><span>Starf og reynsla<\/span><\/strong><\/p>\n<p><span>Erna hefur starfa\u00f0 \u00ed leik- og grunnsk\u00f3lum \u00e1 h\u00f6fu\u00f0borgarsv\u00e6\u00f0inu. <\/span><\/p>\n<p><span>Hefur einnig starfa\u00f0 \u00e1 leiksk\u00f3lasvi\u00f0i hj\u00e1 Sk\u00f3la- og fr\u00edstundasvi\u00f0i Reykjav\u00edkurborgar. <\/span><span><\/span><\/p>\n<p><span>Hefur undarfarin \u00e1r og starfar enn sem talmeinafr\u00e6\u00f0ingur \u00e1 \u00fej\u00f3nustumi\u00f0st\u00f6\u00f0 Reykjav\u00edkurborgar og hj\u00e1 K\u00f3psvogsb\u00e6.\u00a0<\/span><\/p>\n<p><span>Hefur veri\u00f0 me\u00f0 fr\u00e6\u00f0slu fyrir foreldra og kennara leik- og grunnsk\u00f3labarna um m\u00e1l\u00feroska og l\u00e6si.\u00a0<\/span><\/p>\n<p><strong>Fj\u00f6lskylda<\/strong><\/p>\n<p><span>Erna er f\u00e6dd og uppalin \u00ed Reykjav\u00edk. H\u00fan b\u00fdr \u00ed Grafarholti me\u00f0 manni s\u00ednum, tveimur b\u00f6rnum og hundinum Spora.\u00a0<\/span><\/p>\n<p>&nbsp;<\/p>\n<p>[\/et_pb_text][\/et_pb_column][\/et_pb_row][\/et_pb_section][et_pb_section fb_built=&#8221;1&#8243; admin_label=&#8221;Footer&#8221; _builder_version=&#8221;4.27.5&#8243; background_image=&#8221;https:\/\/meiramal.is\/wp-content\/uploads\/2026\/01\/psychologist-06.jpg&#8221; parallax=&#8221;on&#8221; overflow-x=&#8221;visible&#8221; overflow-y=&#8221;visible&#8221; custom_margin=&#8221;100px|40px|40px|40px|false|true&#8221; custom_margin_tablet=&#8221;0px||||false|false&#8221; custom_margin_phone=&#8221;|20px||20px|false|true&#8221; custom_margin_last_edited=&#8221;on|phone&#8221; global_colors_info=&#8221;{}&#8221;][et_pb_row column_structure=&#8221;3_5,2_5&#8243; _builder_version=&#8221;4.27.5&#8243; width_tablet=&#8221;&#8221; width_phone=&#8221;90%&#8221; width_last_edited=&#8221;on|phone&#8221; global_colors_info=&#8221;{}&#8221;][et_pb_column type=&#8221;3_5&#8243; _builder_version=&#8221;4.16&#8243; custom_padding=&#8221;20px||||false|false&#8221; global_colors_info=&#8221;{}&#8221;][\/et_pb_column][et_pb_column type=&#8221;2_5&#8243; _builder_version=&#8221;4.16&#8243; background_color=&#8221;rgba(255,255,255,0.3)&#8221; background_enable_image=&#8221;off&#8221; parallax=&#8221;on&#8221; transform_scale_tablet=&#8221;&#8221; transform_scale_phone=&#8221;&#8221; transform_scale_last_edited=&#8221;on|desktop&#8221; transform_translate=&#8221;0px|-160px&#8221; transform_translate_tablet=&#8221;0px|0px&#8221; transform_translate_phone=&#8221;&#8221; transform_translate_last_edited=&#8221;on|phone&#8221; transform_translate_linked=&#8221;off&#8221; transform_rotate_last_edited=&#8221;off|desktop&#8221; transform_skew_last_edited=&#8221;off|desktop&#8221; transform_origin_last_edited=&#8221;off|desktop&#8221; transform_styles_last_edited=&#8221;on|phone&#8221; custom_padding=&#8221;150px|50px|50px|50px|false|true&#8221; custom_padding_tablet=&#8221;&#8221; custom_padding_phone=&#8221;20px|20px|20px|20px|true|true&#8221; custom_padding_last_edited=&#8221;on|desktop&#8221; filter_opacity=&#8221;94%&#8221; transform_styles_tablet=&#8221;&#8221; transform_styles_phone=&#8221;&#8221; box_shadow_style=&#8221;preset3&#8243; box_shadow_vertical=&#8221;30px&#8221; box_shadow_blur=&#8221;100px&#8221; box_shadow_spread=&#8221;40px&#8221; box_shadow_color=&#8221;rgba(102,100,126,0.16)&#8221; global_colors_info=&#8221;{}&#8221;][et_pb_text _builder_version=&#8221;4.27.5&#8243; text_font=&#8221;Taviraj|600|||||||&#8221; text_text_color=&#8221;#000000&#8243; text_font_size=&#8221;15px&#8221; text_line_height=&#8221;1.8em&#8221; header_3_font=&#8221;Taviraj|600|||||||&#8221; header_3_text_color=&#8221;rgba(0,0,0,0.36)&#8221; header_3_font_size=&#8221;18px&#8221; header_3_line_height=&#8221;1.2em&#8221; custom_margin=&#8221;||60px||false|false&#8221; custom_margin_tablet=&#8221;&#8221; custom_margin_phone=&#8221;||30px||false|false&#8221; custom_margin_last_edited=&#8221;on|desktop&#8221; global_colors_info=&#8221;{}&#8221;]<\/p>\n<h3>Netfang<\/h3>\n<p>meiramal@meiramal.is<\/p>\n<p>[\/et_pb_text][et_pb_text _builder_version=&#8221;4.27.5&#8243; text_font=&#8221;Taviraj|600|||||||&#8221; text_text_color=&#8221;#000000&#8243; text_font_size=&#8221;15px&#8221; text_line_height=&#8221;1.8em&#8221; header_3_font=&#8221;Taviraj|600|||||||&#8221; header_3_text_color=&#8221;rgba(0,0,0,0.36)&#8221; header_3_font_size=&#8221;18px&#8221; header_3_line_height=&#8221;1.2em&#8221; custom_margin=&#8221;||60px||false|false&#8221; custom_margin_tablet=&#8221;&#8221; custom_margin_phone=&#8221;||30px||false|false&#8221; custom_margin_last_edited=&#8221;on|desktop&#8221; global_colors_info=&#8221;{}&#8221;]<\/p>\n<h3>Heimilisfang<\/h3>\n<p>Grens\u00e1svegur 1A, 108 Reykjav\u00edk<\/p>\n<p>[\/et_pb_text][\/et_pb_column][\/et_pb_row][\/et_pb_section]<\/p>\n","protected":false},"excerpt":{"rendered":"<p>Meira m\u00e1l Hj\u00e1 Meira m\u00e1li starfa talmeinafr\u00e6\u00f0ingar sem s\u00e9rh\u00e6fa sig \u00ed tal- og m\u00e1lmeinum barna. H\u00e9r fyrir ne\u00f0an m\u00e1 skr\u00e1 barn \u00e1 bi\u00f0lista. \u00deegar \u00fe\u00fa s\u00e6kir um fyrir barn sam\u00feykkir \u00fe\u00fa um lei\u00f0 skilm\u00e1la stofunnar. Talmeinafr\u00e6\u00f0ingur mun hafa samband \u00feegar kemur a\u00f0 \u00fe\u00ednu barni, en hafi\u00f0 \u00ed huga a\u00f0 einhver bi\u00f0 getur veri\u00f0 \u00fear sem [&hellip;]<\/p>\n","protected":false},"author":1,"featured_media":0,"parent":0,"menu_order":0,"comment_status":"closed","ping_status":"closed","template":"","meta":{"_et_pb_use_builder":"on","_et_pb_old_content":"","_et_gb_content_width":"","footnotes":""},"class_list":["post-24","page","type-page","status-publish","hentry"],"jetpack_sharing_enabled":true,"_links":{"self":[{"href":"https:\/\/meiramal.is\/index.php?rest_route=\/wp\/v2\/pages\/24","targetHints":{"allow":["GET"]}}],"collection":[{"href":"https:\/\/meiramal.is\/index.php?rest_route=\/wp\/v2\/pages"}],"about":[{"href":"https:\/\/meiramal.is\/index.php?rest_route=\/wp\/v2\/types\/page"}],"author":[{"embeddable":true,"href":"https:\/\/meiramal.is\/index.php?rest_route=\/wp\/v2\/users\/1"}],"replies":[{"embeddable":true,"href":"https:\/\/meiramal.is\/index.php?rest_route=%2Fwp%2Fv2%2Fcomments&post=24"}],"version-history":[{"count":20,"href":"https:\/\/meiramal.is\/index.php?rest_route=\/wp\/v2\/pages\/24\/revisions"}],"predecessor-version":[{"id":157,"href":"https:\/\/meiramal.is\/index.php?rest_route=\/wp\/v2\/pages\/24\/revisions\/157"}],"wp:attachment":[{"href":"https:\/\/meiramal.is\/index.php?rest_route=%2Fwp%2Fv2%2Fmedia&parent=24"}],"curies":[{"name":"wp","href":"https:\/\/api.w.org\/{rel}","templated":true}]}}